{"id":510,"date":"2023-07-18T01:29:13","date_gmt":"2023-07-17T23:29:13","guid":{"rendered":"https:\/\/sacreselfie.fr\/?page_id=510"},"modified":"2023-08-15T22:48:02","modified_gmt":"2023-08-15T20:48:02","slug":"mentions-legales","status":"publish","type":"page","link":"https:\/\/sacreselfie.fr\/?page_id=510","title":{"rendered":"Mentions l\u00e9gales"},"content":{"rendered":"\t\t<div data-elementor-type=\"wp-page\" data-elementor-id=\"510\" class=\"elementor elementor-510\">\n\t\t\t\t\t\t<section class=\"elementor-section elementor-top-section elementor-element elementor-element-7b7431a elementor-section-boxed elementor-section-height-default elementor-section-height-default\" data-id=\"7b7431a\" data-element_type=\"section\">\n\t\t\t\t\t\t<div class=\"elementor-container elementor-column-gap-default\">\n\t\t\t\t\t<div class=\"elementor-column elementor-col-100 elementor-top-column elementor-element elementor-element-57db9cf\" data-id=\"57db9cf\" data-element_type=\"column\">\n\t\t\t<div class=\"elementor-widget-wrap elementor-element-populated\">\n\t\t\t\t\t\t<div class=\"elementor-element elementor-element-5811cce elementor-widget elementor-widget-text-editor\" data-id=\"5811cce\" data-element_type=\"widget\" data-widget_type=\"text-editor.default\">\n\t\t\t\t<div class=\"elementor-widget-container\">\n\t\t\t\t\t\t\t<p><!-- wp:heading --><\/p>\n<h1 class=\"p1\"><span class=\"s1\">MENTIONS L\u00c9GALES<\/span><\/h1>\n<h2 class=\"p1\"><span class=\"s1\">PROPRI\u00c9T\u00c9<\/span><\/h2>\n<h3 class=\"p2\"><span class=\"s1\">Sacr\u00e9 Selfie<br \/><\/span><span class=\"s1\">SIRET :\u00a0884 126 459 00012<br \/><\/span><span class=\"s1\">Immatriculation au RM : 884 126 459 RM 51<\/span><span class=\"s1\"><br \/><\/span><span class=\"s1\">Si\u00e8ge Social :\u00a071 rue des Vigneuls, 51500 Taissy<\/span><\/h3>\n<h2 class=\"p1\"><span class=\"s1\">RESPONSABLE DE PUBLICATION<\/span><\/h2>\n<h3 class=\"p2\"><span class=\"s1\">Sacr\u00e9 Selfie<br \/>E-mail : contact@sacreselfie.fr<br \/><\/span><span class=\"s1\">Tel : 06 84 47 64 36<\/span><\/h3>\n<h2 class=\"p1\"><span class=\"s1\">CONCEPTION GRAPHIQUE &amp; WEBMASTER<\/span><\/h2>\n<h3 class=\"p2\"><span class=\"s1\">Corentin GA<br \/>E-mail : graphic.gacorentin@gmail.com<br \/><\/span><\/h3>\n<h2 class=\"p1\"><span class=\"s1\">H\u00c9BERGEUR<\/span><\/h2>\n<h3 class=\"p2\"><span class=\"s1\">OVH -SAS<br \/>au capital de 10 069 020 \u20ac<br \/>RCS Lille M\u00e9tropole 424 761 419 00045 \/ Code APE 2620Z<br \/>N\u00b0 TVA : FR 22 424 761 419<br \/>Si\u00e8ge social : 2 rue Kellermann -59100 Roubaix -France<br \/>Mail : support@ovh.com \/ Site web : http:\/\/www.ovh.com<\/span><\/h3>\n<h2 class=\"p1\"><span class=\"s1\">CR\u00c9DIT PHOTOS<\/span><\/h2>\n<h3 class=\"p2\"><span class=\"s1\">Corentin GA et Photos libres de droit Freepik, Unsplash.com : Brittani BURNS<\/span><\/h3>\n<h2 class=\"p1\"><span class=\"s1\">PROTECTION DES DONN\u00c9ES<\/span><\/h2>\n<h3 class=\"p2\"><span class=\"s1\">Conform\u00e9ment \u00e0 la loi \u201cinformatique et libert\u00e9s\u201d du 6 janvier 1978, vous disposez d\u2019un droit d\u2019acc\u00e8s, de modification, de rectification et de suppression des donn\u00e9es vous concernant. Si vous souhaitez exercer ce droit, contactez les webmestres via le formulaire de contact<\/span><\/h3>\n<h3 class=\"p2\"><span class=\"s1\">R\u00e9serves :<br \/>Nous nous effor\u00e7ons de vous offrir dans ce site une information fiable et actualis\u00e9e. Mais, malgr\u00e9 le soin que nous y apportons, des erreurs ou omissions peuvent survenir. Nous ferons le n\u00e9cessaire pour corriger les erreurs qui nous seront signal\u00e9es. Les informations d\u00e9crites dans ce site :<\/span><\/h3>\n<ul class=\"ul1\">\n<li class=\"li2\">\n<h3><span class=\"s1\">sont destin\u00e9es \u00e0 vous apporter des indications g\u00e9n\u00e9rales sur les sujets trait\u00e9s.<\/span><\/h3>\n<\/li>\n<li class=\"li2\">\n<h3><span class=\"s1\">ne constituent pas un conseil personnalis\u00e9 de quelque nature qu\u2019il soit (m\u00e9dical, organisationnel, marketing, juridique, fiscale), lequel conseil personnalis\u00e9 suppose l\u2019\u00e9tude et l\u2019analyse de cas particuliers par un professionnel de la sp\u00e9cialit\u00e9.<\/span><\/h3>\n<\/li>\n<li class=\"li2\">\n<h3><span class=\"s1\">ne doivent pas \u00eatre utilis\u00e9es sans les conseils pr\u00e9alables des experts concern\u00e9s. Nous ne pouvons en aucun cas \u00eatre tenus responsables de l\u2019utilisation et de l\u2019interpr\u00e9tation des informations contenues dans ce site.<\/span><\/h3>\n<\/li>\n<\/ul>\n<h3 class=\"p4\"><span class=\"s2\">Droits d\u2019auteurs :<br \/>L\u2019ensemble de ce site rel\u00e8ve de la l\u00e9gislation fran\u00e7aise et internationale sur le droit d\u2019auteur et la propri\u00e9t\u00e9 intellectuelle. Tous les droits de reproduction sont r\u00e9serv\u00e9s, y compris pour les documents t\u00e9l\u00e9chargeables et les repr\u00e9sentations iconographiques et photographiques. La reproduction de tout ou partie de ce site sur un support \u00e9lectronique quel qu\u2019il soit ou sur support papier est formellement interdite sauf autorisation expresse du r\u00e9dacteur en chef.<\/span><\/h3>\n<p><!-- \/wp:paragraph --><\/p>\t\t\t\t\t\t<\/div>\n\t\t\t\t<\/div>\n\t\t\t\t\t<\/div>\n\t\t<\/div>\n\t\t\t\t\t<\/div>\n\t\t<\/section>\n\t\t\t\t<\/div>\n\t\t","protected":false},"excerpt":{"rendered":"<p>MENTIONS L\u00c9GALES PROPRI\u00c9T\u00c9 Sacr\u00e9 SelfieSIRET :\u00a0884 126 459 00012Immatriculation au RM : 884 126 459 RM 51Si\u00e8ge Social :\u00a071 rue des Vigneuls, 51500 Taissy RESPONSABLE DE PUBLICATION Sacr\u00e9 SelfieE-mail : contact@sacreselfie.frTel : 06 84 47 64 36 CONCEPTION GRAPHIQUE &amp; WEBMASTER Corentin GAE-mail : graphic.gacorentin@gmail.com H\u00c9BERGEUR OVH -SASau capital de 10 069 020 \u20acRCS Lille [&hellip;]<\/p>\n","protected":false},"author":1,"featured_media":0,"parent":0,"menu_order":0,"comment_status":"closed","ping_status":"closed","template":"","meta":{"ocean_post_layout":"full-width","ocean_both_sidebars_style":"","ocean_both_sidebars_content_width":0,"ocean_both_sidebars_sidebars_width":0,"ocean_sidebar":"0","ocean_second_sidebar":"0","ocean_disable_margins":"enable","ocean_add_body_class":"","ocean_shortcode_before_top_bar":"","ocean_shortcode_after_top_bar":"","ocean_shortcode_before_header":"","ocean_shortcode_after_header":"","ocean_has_shortcode":"","ocean_shortcode_after_title":"","ocean_shortcode_before_footer_widgets":"","ocean_shortcode_after_footer_widgets":"","ocean_shortcode_before_footer_bottom":"","ocean_shortcode_after_footer_bottom":"","ocean_display_top_bar":"default","ocean_display_header":"default","ocean_header_style":"","ocean_center_header_left_menu":"0","ocean_custom_header_template":"0","ocean_custom_logo":0,"ocean_custom_retina_logo":0,"ocean_custom_logo_max_width":0,"ocean_custom_logo_tablet_max_width":0,"ocean_custom_logo_mobile_max_width":0,"ocean_custom_logo_max_height":0,"ocean_custom_logo_tablet_max_height":0,"ocean_custom_logo_mobile_max_height":0,"ocean_header_custom_menu":"0","ocean_menu_typo_font_family":"0","ocean_menu_typo_font_subset":"","ocean_menu_typo_font_size":0,"ocean_menu_typo_font_size_tablet":0,"ocean_menu_typo_font_size_mobile":0,"ocean_menu_typo_font_size_unit":"px","ocean_menu_typo_font_weight":"","ocean_menu_typo_font_weight_tablet":"","ocean_menu_typo_font_weight_mobile":"","ocean_menu_typo_transform":"","ocean_menu_typo_transform_tablet":"","ocean_menu_typo_transform_mobile":"","ocean_menu_typo_line_height":0,"ocean_menu_typo_line_height_tablet":0,"ocean_menu_typo_line_height_mobile":0,"ocean_menu_typo_line_height_unit":"","ocean_menu_typo_spacing":0,"ocean_menu_typo_spacing_tablet":0,"ocean_menu_typo_spacing_mobile":0,"ocean_menu_typo_spacing_unit":"","ocean_menu_link_color":"","ocean_menu_link_color_hover":"","ocean_menu_link_color_active":"","ocean_menu_link_background":"","ocean_menu_link_hover_background":"","ocean_menu_link_active_background":"","ocean_menu_social_links_bg":"","ocean_menu_social_hover_links_bg":"","ocean_menu_social_links_color":"","ocean_menu_social_hover_links_color":"","ocean_disable_title":"on","ocean_disable_heading":"default","ocean_post_title":"","ocean_post_subheading":"","ocean_post_title_style":"","ocean_post_title_background_color":"","ocean_post_title_background":0,"ocean_post_title_bg_image_position":"","ocean_post_title_bg_image_attachment":"","ocean_post_title_bg_image_repeat":"","ocean_post_title_bg_image_size":"","ocean_post_title_height":0,"ocean_post_title_bg_overlay":0.5,"ocean_post_title_bg_overlay_color":"","ocean_disable_breadcrumbs":"default","ocean_breadcrumbs_color":"","ocean_breadcrumbs_separator_color":"","ocean_breadcrumbs_links_color":"","ocean_breadcrumbs_links_hover_color":"","ocean_display_footer_widgets":"default","ocean_display_footer_bottom":"default","ocean_custom_footer_template":"0","footnotes":""},"class_list":["post-510","page","type-page","status-publish","hentry","entry"],"yoast_head":"<!-- This site is optimized with the Yoast SEO plugin v23.5 - https:\/\/yoast.com\/wordpress\/plugins\/seo\/ -->\n<title>Mentions l\u00e9gales - WordPress<\/title>\n<meta name=\"robots\" content=\"index, follow, max-snippet:-1, max-image-preview:large, max-video-preview:-1\" \/>\n<link rel=\"canonical\" href=\"https:\/\/sacreselfie.fr\/?page_id=510\" \/>\n<meta property=\"og:locale\" content=\"fr_FR\" \/>\n<meta property=\"og:type\" content=\"article\" \/>\n<meta property=\"og:title\" content=\"Mentions l\u00e9gales - WordPress\" \/>\n<meta property=\"og:description\" content=\"MENTIONS L\u00c9GALES PROPRI\u00c9T\u00c9 Sacr\u00e9 SelfieSIRET :\u00a0884 126 459 00012Immatriculation au RM : 884 126 459 RM 51Si\u00e8ge Social :\u00a071 rue des Vigneuls, 51500 Taissy RESPONSABLE DE PUBLICATION Sacr\u00e9 SelfieE-mail : contact@sacreselfie.frTel : 06 84 47 64 36 CONCEPTION GRAPHIQUE &amp; WEBMASTER Corentin GAE-mail : graphic.gacorentin@gmail.com H\u00c9BERGEUR OVH -SASau capital de 10 069 020 \u20acRCS Lille [&hellip;]\" \/>\n<meta property=\"og:url\" content=\"https:\/\/sacreselfie.fr\/?page_id=510\" \/>\n<meta property=\"og:site_name\" content=\"WordPress\" \/>\n<meta property=\"article:publisher\" content=\"https:\/\/www.facebook.com\/sacreselfie\" \/>\n<meta property=\"article:modified_time\" content=\"2023-08-15T20:48:02+00:00\" \/>\n<meta name=\"twitter:card\" content=\"summary_large_image\" \/>\n<meta name=\"twitter:label1\" content=\"Dur\u00e9e de lecture estim\u00e9e\" \/>\n\t<meta name=\"twitter:data1\" content=\"2 minutes\" \/>\n<script type=\"application\/ld+json\" class=\"yoast-schema-graph\">{\"@context\":\"https:\/\/schema.org\",\"@graph\":[{\"@type\":\"WebPage\",\"@id\":\"https:\/\/sacreselfie.fr\/?page_id=510\",\"url\":\"https:\/\/sacreselfie.fr\/?page_id=510\",\"name\":\"Mentions l\u00e9gales - WordPress\",\"isPartOf\":{\"@id\":\"https:\/\/sacreselfie.fr\/#website\"},\"datePublished\":\"2023-07-17T23:29:13+00:00\",\"dateModified\":\"2023-08-15T20:48:02+00:00\",\"breadcrumb\":{\"@id\":\"https:\/\/sacreselfie.fr\/?page_id=510#breadcrumb\"},\"inLanguage\":\"fr-FR\",\"potentialAction\":[{\"@type\":\"ReadAction\",\"target\":[\"https:\/\/sacreselfie.fr\/?page_id=510\"]}]},{\"@type\":\"BreadcrumbList\",\"@id\":\"https:\/\/sacreselfie.fr\/?page_id=510#breadcrumb\",\"itemListElement\":[{\"@type\":\"ListItem\",\"position\":1,\"name\":\"Accueil\",\"item\":\"https:\/\/sacreselfie.fr\/\"},{\"@type\":\"ListItem\",\"position\":2,\"name\":\"Mentions l\u00e9gales\"}]},{\"@type\":\"WebSite\",\"@id\":\"https:\/\/sacreselfie.fr\/#website\",\"url\":\"https:\/\/sacreselfie.fr\/\",\"name\":\"Sacr\u00e9 Selfie - Location de Borne \u00e0 Selfie REIMS\",\"description\":\"Location de Borne \u00e0 Selfie \u00e0 Reims et ses alentours\",\"publisher\":{\"@id\":\"https:\/\/sacreselfie.fr\/#organization\"},\"potentialAction\":[{\"@type\":\"SearchAction\",\"target\":{\"@type\":\"EntryPoint\",\"urlTemplate\":\"https:\/\/sacreselfie.fr\/?s={search_term_string}\"},\"query-input\":{\"@type\":\"PropertyValueSpecification\",\"valueRequired\":true,\"valueName\":\"search_term_string\"}}],\"inLanguage\":\"fr-FR\"},{\"@type\":\"Organization\",\"@id\":\"https:\/\/sacreselfie.fr\/#organization\",\"name\":\"Sacr\u00e9 Selfie\",\"url\":\"https:\/\/sacreselfie.fr\/\",\"logo\":{\"@type\":\"ImageObject\",\"inLanguage\":\"fr-FR\",\"@id\":\"https:\/\/sacreselfie.fr\/#\/schema\/logo\/image\/\",\"url\":\"https:\/\/sacreselfie.fr\/wp-content\/uploads\/2023\/07\/logocarre.jpg\",\"contentUrl\":\"https:\/\/sacreselfie.fr\/wp-content\/uploads\/2023\/07\/logocarre.jpg\",\"width\":2363,\"height\":2363,\"caption\":\"Sacr\u00e9 Selfie\"},\"image\":{\"@id\":\"https:\/\/sacreselfie.fr\/#\/schema\/logo\/image\/\"},\"sameAs\":[\"https:\/\/www.facebook.com\/sacreselfie\",\"https:\/\/www.instagram.com\/sacre_selfie\/?hl=fr\"]}]}<\/script>\n<!-- \/ Yoast SEO plugin. -->","yoast_head_json":{"title":"Mentions l\u00e9gales - WordPress","robots":{"index":"index","follow":"follow","max-snippet":"max-snippet:-1","max-image-preview":"max-image-preview:large","max-video-preview":"max-video-preview:-1"},"canonical":"https:\/\/sacreselfie.fr\/?page_id=510","og_locale":"fr_FR","og_type":"article","og_title":"Mentions l\u00e9gales - WordPress","og_description":"MENTIONS L\u00c9GALES PROPRI\u00c9T\u00c9 Sacr\u00e9 SelfieSIRET :\u00a0884 126 459 00012Immatriculation au RM : 884 126 459 RM 51Si\u00e8ge Social :\u00a071 rue des Vigneuls, 51500 Taissy RESPONSABLE DE PUBLICATION Sacr\u00e9 SelfieE-mail : contact@sacreselfie.frTel : 06 84 47 64 36 CONCEPTION GRAPHIQUE &amp; WEBMASTER Corentin GAE-mail : graphic.gacorentin@gmail.com H\u00c9BERGEUR OVH -SASau capital de 10 069 020 \u20acRCS Lille [&hellip;]","og_url":"https:\/\/sacreselfie.fr\/?page_id=510","og_site_name":"WordPress","article_publisher":"https:\/\/www.facebook.com\/sacreselfie","article_modified_time":"2023-08-15T20:48:02+00:00","twitter_card":"summary_large_image","twitter_misc":{"Dur\u00e9e de lecture estim\u00e9e":"2 minutes"},"schema":{"@context":"https:\/\/schema.org","@graph":[{"@type":"WebPage","@id":"https:\/\/sacreselfie.fr\/?page_id=510","url":"https:\/\/sacreselfie.fr\/?page_id=510","name":"Mentions l\u00e9gales - WordPress","isPartOf":{"@id":"https:\/\/sacreselfie.fr\/#website"},"datePublished":"2023-07-17T23:29:13+00:00","dateModified":"2023-08-15T20:48:02+00:00","breadcrumb":{"@id":"https:\/\/sacreselfie.fr\/?page_id=510#breadcrumb"},"inLanguage":"fr-FR","potentialAction":[{"@type":"ReadAction","target":["https:\/\/sacreselfie.fr\/?page_id=510"]}]},{"@type":"BreadcrumbList","@id":"https:\/\/sacreselfie.fr\/?page_id=510#breadcrumb","itemListElement":[{"@type":"ListItem","position":1,"name":"Accueil","item":"https:\/\/sacreselfie.fr\/"},{"@type":"ListItem","position":2,"name":"Mentions l\u00e9gales"}]},{"@type":"WebSite","@id":"https:\/\/sacreselfie.fr\/#website","url":"https:\/\/sacreselfie.fr\/","name":"Sacr\u00e9 Selfie - Location de Borne \u00e0 Selfie REIMS","description":"Location de Borne \u00e0 Selfie \u00e0 Reims et ses alentours","publisher":{"@id":"https:\/\/sacreselfie.fr\/#organization"},"potentialAction":[{"@type":"SearchAction","target":{"@type":"EntryPoint","urlTemplate":"https:\/\/sacreselfie.fr\/?s={search_term_string}"},"query-input":{"@type":"PropertyValueSpecification","valueRequired":true,"valueName":"search_term_string"}}],"inLanguage":"fr-FR"},{"@type":"Organization","@id":"https:\/\/sacreselfie.fr\/#organization","name":"Sacr\u00e9 Selfie","url":"https:\/\/sacreselfie.fr\/","logo":{"@type":"ImageObject","inLanguage":"fr-FR","@id":"https:\/\/sacreselfie.fr\/#\/schema\/logo\/image\/","url":"https:\/\/sacreselfie.fr\/wp-content\/uploads\/2023\/07\/logocarre.jpg","contentUrl":"https:\/\/sacreselfie.fr\/wp-content\/uploads\/2023\/07\/logocarre.jpg","width":2363,"height":2363,"caption":"Sacr\u00e9 Selfie"},"image":{"@id":"https:\/\/sacreselfie.fr\/#\/schema\/logo\/image\/"},"sameAs":["https:\/\/www.facebook.com\/sacreselfie","https:\/\/www.instagram.com\/sacre_selfie\/?hl=fr"]}]}},"_links":{"self":[{"href":"https:\/\/sacreselfie.fr\/index.php?rest_route=\/wp\/v2\/pages\/510","targetHints":{"allow":["GET"]}}],"collection":[{"href":"https:\/\/sacreselfie.fr\/index.php?rest_route=\/wp\/v2\/pages"}],"about":[{"href":"https:\/\/sacreselfie.fr\/index.php?rest_route=\/wp\/v2\/types\/page"}],"author":[{"embeddable":true,"href":"https:\/\/sacreselfie.fr\/index.php?rest_route=\/wp\/v2\/users\/1"}],"replies":[{"embeddable":true,"href":"https:\/\/sacreselfie.fr\/index.php?rest_route=%2Fwp%2Fv2%2Fcomments&post=510"}],"version-history":[{"count":13,"href":"https:\/\/sacreselfie.fr\/index.php?rest_route=\/wp\/v2\/pages\/510\/revisions"}],"predecessor-version":[{"id":722,"href":"https:\/\/sacreselfie.fr\/index.php?rest_route=\/wp\/v2\/pages\/510\/revisions\/722"}],"wp:attachment":[{"href":"https:\/\/sacreselfie.fr\/index.php?rest_route=%2Fwp%2Fv2%2Fmedia&parent=510"}],"curies":[{"name":"wp","href":"https:\/\/api.w.org\/{rel}","templated":true}]}}